{"id":1679,"date":"2020-05-01T08:52:27","date_gmt":"2020-05-01T08:52:27","guid":{"rendered":"http:\/\/sites.ps.uci.edu\/mathceo-dev\/?page_id=1679"},"modified":"2021-04-25T23:25:29","modified_gmt":"2021-04-25T23:25:29","slug":"music-in-duomo","status":"publish","type":"page","link":"https:\/\/sites.ps.uci.edu\/mathceo\/es\/music-in-duomo","title":{"rendered":"Music in Duomo"},"content":{"rendered":"<div id=\"pl-1679\"  class=\"panel-layout\" ><div id=\"pg-1679-0\"  class=\"panel-grid panel-has-style\" ><div class=\"siteorigin-panels-stretch panel-row-style panel-row-style-for-1679-0\" data-stretch-type=\"full-stretched-padded\" ><div id=\"pgc-1679-0-0\"  class=\"panel-grid-cell\" ><div id=\"panel-1679-0-0-0\" class=\"so-panel widget widget_sow-hero panel-first-child panel-last-child\" data-index=\"0\" ><div class=\"panel-widget-style panel-widget-style-for-1679-0-0-0\" ><div\n\t\t\t\n\t\t\tclass=\"so-widget-sow-hero so-widget-sow-hero-default-1a431c5a015b-1679 so-widget-fittext-wrapper\"\n\t\t\t data-fit-text-compressor=\"0.85\"\n\t\t>\t\t\t\t<div class=\"sow-slider-base\" style=\"display: none\" tabindex=\"0\">\n\t\t\t\t\t<ul\n\t\t\t\t\tclass=\"sow-slider-images\"\n\t\t\t\t\tdata-settings=\"{&quot;pagination&quot;:true,&quot;speed&quot;:800,&quot;timeout&quot;:8000,&quot;paused&quot;:false,&quot;pause_on_hover&quot;:false,&quot;swipe&quot;:true,&quot;nav_always_show_desktop&quot;:&quot;&quot;,&quot;nav_always_show_mobile&quot;:&quot;&quot;,&quot;breakpoint&quot;:&quot;780px&quot;,&quot;unmute&quot;:false,&quot;anchor&quot;:null}\"\n\t\t\t\t\tstyle=\"min-height: 100vh\"\t\t\t\t\tdata-anchor-id=\"\"\n\t\t\t\t>\t\t<li class=\"sow-slider-image  sow-slider-image-cover\" style=\"visibility: visible;;background-color: #333333\" >\n\t\t\t\t\t<div class=\"sow-slider-image-container\">\n\t\t\t<div class=\"sow-slider-image-wrapper\">\n\t\t\t\t<h2 style=\"text-align: center\"><span style=\"font-weight: 400\">M<\/span><span style=\"font-weight: 400\">USIC IN THE <\/span><span style=\"font-weight: 400\">M\u00daSICA EN EL DUOMO<\/span><span style=\"font-weight: 400\">UOMO<\/span><\/h2>\n\n<hr \/>\n\n<h3 style=\"text-align: center\"><i><span style=\"font-weight: 400\">Ubica los animales m\u00fasicos donde ellos quieren, antes del concierto!<\/span><\/i><\/h3>\t\t\t<\/div>\n\t\t<\/div>\n\t\t<div class=\"sow-slider-image-overlay sow-slider-image-cover\" style=\"opacity: 0.34;background-image: url(https:\/\/sites.ps.uci.edu\/mathceo\/wp-content\/uploads\/sites\/20\/2020\/05\/duomo_background.png)\"  ><\/div>\t\t<\/li>\n\t\t<\/ul>\t\t\t\t<ol class=\"sow-slider-pagination\">\n\t\t\t\t\t\t\t\t\t\t\t<li><a href=\"#\" data-goto=\"0\" aria-label=\"Display slide 1\"><\/a><\/li>\n\t\t\t\t\t\t\t\t\t<\/ol>\n\n\t\t\t\t<div class=\"sow-slide-nav sow-slide-nav-next\">\n\t\t\t\t\t<a href=\"#\" data-goto=\"next\" aria-label=\"Next slide\" data-action=\"next\">\n\t\t\t\t\t\t<em class=\"sow-sld-icon-thin-right\"><\/em>\n\t\t\t\t\t<\/a>\n\t\t\t\t<\/div>\n\n\t\t\t\t<div class=\"sow-slide-nav sow-slide-nav-prev\">\n\t\t\t\t\t<a href=\"#\" data-goto=\"previous\" aria-label=\"Previous slide\" data-action=\"prev\">\n\t\t\t\t\t\t<em class=\"sow-sld-icon-thin-left\"><\/em>\n\t\t\t\t\t<\/a>\n\t\t\t\t<\/div>\n\t\t\t\t<\/div><\/div><\/div><\/div><\/div><\/div><\/div><div id=\"pg-1679-1\"  class=\"panel-grid panel-no-style\" ><div id=\"pgc-1679-1-0\"  class=\"panel-grid-cell\" ><div id=\"panel-1679-1-0-0\" class=\"so-panel widget widget_sow-editor panel-first-child panel-last-child\" data-index=\"1\" ><div\n\t\t\t\n\t\t\tclass=\"so-widget-sow-editor so-widget-sow-editor-base\"\n\t\t\t\n\t\t>\n<div class=\"siteorigin-widget-tinymce textwidget\">\n\t<p><i><span style=\"font-weight: 400\">8 animales m\u00fasicos est\u00e1n planeando un concierto en el \"<\/span><\/i><a href=\"https:\/\/www.youtube.com\/watch?time_continue=35&amp;v=Embt9teXzgQ&amp;feature=emb_logo\"><i><span style=\"font-weight: 400\">Duomo<\/span><\/i><\/a><i><span style=\"font-weight: 400\">\"; son muy talentosos pero tambi\u00e9n muy exigentes (como una \u201cDiva\u201d), cuando se trata de escoger su posici\u00f3n en el Duomo para el concierto. Los estudiantes necesitar\u00e1n colocar todos los animales en las ocho ventanas y  puertas, de manera que sean consistentes con las peticiones de los animales.<\/span><\/i><\/p>\n<\/div>\n<\/div><\/div><\/div><div id=\"pgc-1679-1-1\"  class=\"panel-grid-cell\" ><div id=\"panel-1679-1-1-0\" class=\"so-panel widget widget_sow-video panel-first-child panel-last-child\" data-index=\"2\" ><div\n\t\t\t\n\t\t\tclass=\"so-widget-sow-video so-widget-sow-video-default-c08170c47cfb-1679\"\n\t\t\t\n\t\t>\n<div class=\"sow-video-wrapper\">\n\t\t\t<iframe loading=\"lazy\" title=\"Duomo Milano Cattedrale\" width=\"1140\" height=\"641\" src=\"https:\/\/www.youtube.com\/embed\/Embt9teXzgQ?feature=oembed&enablejsapi=1\" frameborder=\"0\" allow=\"accelerometer; autoplay; clipboard-write; encrypted-media; gyroscope; picture-in-picture; web-share\" referrerpolicy=\"strict-origin-when-cross-origin\" allowfullscreen mozallowfullscreen webkitallowfullscreen sandbox =\"allow-scripts allow-same-origin allow-presentation\"><\/iframe>\t<\/div>\n<\/div><\/div><\/div><\/div><div id=\"pg-1679-2\"  class=\"panel-grid panel-no-style\" ><div id=\"pgc-1679-2-0\"  class=\"panel-grid-cell\" ><div id=\"panel-1679-2-0-0\" class=\"so-panel widget widget_sow-editor panel-first-child panel-last-child\" data-index=\"3\" ><div\n\t\t\t\n\t\t\tclass=\"so-widget-sow-editor so-widget-sow-editor-base\"\n\t\t\t\n\t\t>\n<div class=\"siteorigin-widget-tinymce textwidget\">\n\t<p>&nbsp;<\/p>\n<table>\n<tbody>\n<tr>\n<td><b>Grados<\/b><span style=\"font-weight: 400\"><br \/>\n<\/span><span style=\"font-weight: 400\"><br \/>\n<\/span><span style=\"font-weight: 400\">5 \u2212 7<\/span>\n<p><i><span style=\"font-weight: 400\">(pero se puede adaptar <\/span><\/i><i><span style=\"font-weight: 400\">other grades)<\/span><\/i><\/p><\/td>\n<td><b>Objetivos matem\u00e1ticos<\/b>\n<ul style=\"list-style-type: upper-roman\">\n<li><span style=\"font-weight: 400\">Practicar el razonamiento inductivo y deductivo. <\/span><\/li>\n<li><span style=\"font-weight: 400\">Practicar su argumentaci\u00f3n, explicando sus razonamientos matem\u00e1ticos. <\/span><\/li>\n<li><span style=\"font-weight: 400\">Aprender y aplicar estrategias para lidiar con informaci\u00f3n incompleta. <\/span><\/li>\n<li><span style=\"font-weight: 400\">Aprender y practicar el pensamiento bidimensional utilizando vocabulario especial y direcciones espaciales.<\/span><\/li>\n<\/ul>\n<\/td>\n<\/tr>\n<tr>\n<td><b>Duration<\/b><span style=\"font-weight: 400\"><br \/>\n<\/span><span style=\"font-weight: 400\"><br \/>\n<\/span><span style=\"font-weight: 400\">30 \u2212 40 <\/span><span style=\"font-weight: 400\">minutos<\/span><\/td>\n<td><b>Pr\u00e1cticas matem\u00e1ticas de los est\u00e1ndares que se promueven<\/b>\n<ul style=\"list-style-type: upper-roman\">\n<li>Dar sentido a los problemas y preservar en resolverlos (MP1)<\/li>\n<li>Construir argumentos viables y criticar el razonamiento de otros (MP3)<\/li>\n<li>Usar las herramientas apropiadas estrat\u00e9gicamente (MP5)<\/li>\n<li>Atender a la precisi\u00f3n (MP6)<\/li>\n<li>Buscar y expresar regularidad en razonamiento repetitivo (MP8)<\/li>\n<\/ul>\n<\/td>\n<\/tr>\n<\/tbody>\n<\/table>\n<p>&nbsp;<\/p>\n<table>\n<tbody>\n<tr>\n<td><b>Contents (ENGLISH)<\/b>\n<ul>\n<li style=\"list-style-type: none\">\n<ul>\n<li style=\"font-weight: 400\"><a href=\"https:\/\/drive.google.com\/file\/d\/1Wv10e8Yrum9rigr3nfsEZxB9YSp7XUcl\/view?usp=sharing\"><span style=\"font-weight: 400\">Student booklet with the \u201cMusic in the Duomo\u201d puzzle (PDF)<\/span><\/a><\/li>\n<li style=\"font-weight: 400\"><a href=\"https:\/\/drive.google.com\/file\/d\/1bRT9wNmwe08qpR2RAOMJxGhR4szyFml4\/view?usp=sharing\"><span style=\"font-weight: 400\">Warm Up Activity<\/span><\/a><span style=\"font-weight: 400\"> (PDF)<\/span><\/li>\n<li style=\"font-weight: 400\"><a href=\"https:\/\/drive.google.com\/file\/d\/1aEAxcoBkarvzu0rnOc9JQE4g8teL9RmV\/view?usp=sharing\"><span style=\"font-weight: 400\">Teaching Manual<\/span><\/a><span style=\"font-weight: 400\"> (PDF)<\/span><span style=\"font-weight: 400\"><br \/>\n<\/span><i><span style=\"font-weight: 400\">If you are a parent or a teacher, we suggest you start by trying out the puzzle yourself. (See the student booklet.)<\/span><\/i><\/li>\n<li style=\"font-weight: 400\"><a href=\"https:\/\/drive.google.com\/file\/d\/1gM5u2sSr1_VE-hC505heELkkGWLR0GXy\/view?usp=sharing\"><span style=\"font-weight: 400\">Solution<\/span><\/a><span style=\"font-weight: 400\"> (PDF)<\/span><\/li>\n<li style=\"font-weight: 400\"><a href=\"https:\/\/drive.google.com\/file\/d\/1T02-kfMwj2FRhuJe5XX-UQ3exCIyyqGf\/view?usp=sharing\"><span style=\"font-weight: 400\">Printouts<\/span><\/a><span style=\"font-weight: 400\"> (PDF)<\/span>\n<ul>\n<li style=\"font-weight: 400\"><span style=\"font-weight: 400\">Gameboard<\/span><\/li>\n<li style=\"font-weight: 400\"><span style=\"font-weight: 400\">Animal Tiles<\/span><\/li>\n<li style=\"font-weight: 400\"><span style=\"font-weight: 400\">Animals\u2019 Requests<\/span><\/li>\n<\/ul>\n<\/li>\n<li style=\"font-weight: 400\"><span style=\"font-weight: 400\">Videos<\/span>\n<ul>\n<li style=\"font-weight: 400\"><span style=\"font-weight: 400\"><a href=\"https:\/\/youtu.be\/ifPAQTeqFh4\">Overview (for teachers and parents)<\/a><\/span><\/li>\n<li><a href=\"https:\/\/youtu.be\/ifPAQTeqFh4\"><img loading=\"lazy\" decoding=\"async\" class=\"alignnone size-full wp-image-1714\" src=\"http:\/\/sites.ps.uci.edu\/mathceo\/wp-content\/uploads\/sites\/20\/2020\/05\/Selection_048.png\" alt=\"\" width=\"148\" height=\"87\" \/><\/a><\/li>\n<\/ul>\n<\/li>\n<li style=\"font-weight: 400\"><span style=\"font-weight: 400\"><a style=\"font-family: inherit;font-size: inherit\" href=\"https:\/\/youtu.be\/H4Yr3hmwARU\">Solutions<\/a><\/span>\n<ul>\n<li style=\"font-weight: 400\"><i style=\"font-family: inherit;font-size: inherit\">For students, once they tried the puzzle<\/i><\/li>\n<li style=\"font-weight: 400\"><a style=\"font-family: inherit;font-size: inherit\" href=\"https:\/\/youtu.be\/H4Yr3hmwARU\"><img loading=\"lazy\" decoding=\"async\" class=\"alignnone size-full wp-image-1715\" src=\"http:\/\/sites.ps.uci.edu\/mathceo\/wp-content\/uploads\/sites\/20\/2020\/05\/Selection_049.png\" alt=\"\" width=\"153\" height=\"83\" \/><\/a><\/li>\n<li style=\"font-weight: 400\">(Music: www.bensound.com)<\/li>\n<\/ul>\n<\/li>\n<\/ul>\n<\/li>\n<\/ul>\n<\/td>\n<td><b>Contents (ESPA\u00d1OL)<\/b>\n<ul>\n<li style=\"font-weight: 400\"><a href=\"https:\/\/drive.google.com\/file\/d\/1Czu2XrM5dNeaLbnXKUafmQnMnneTk6xy\/view?usp=sharing\"><span style=\"font-weight: 400\">Cuaderno de estudiante con el acertijo \u201cM\u00fasica en el Duomo\u201d (PDF)<\/span><\/a><\/li>\n<li style=\"font-weight: 400\"><a href=\"https:\/\/drive.google.com\/a\/uci.edu\/file\/d\/1ZlYOI_rKnSyOKk-o19sATjgzGA1T-QI1\/view?usp=sharing\"><span style=\"font-weight: 400\">Actividad de calentamiento (PDF)<\/span><\/a><\/li>\n<li style=\"font-weight: 400\"><a href=\"https:\/\/drive.google.com\/file\/d\/1TWDxXJzGFoi_vSjlhFChNUEVJ6RG15BL\/view?usp=sharing\"><span style=\"font-weight: 400\">Gu\u00eda de ense\u00f1anza<\/span><\/a><span style=\"font-weight: 400\"> (PDF)<\/span><span style=\"font-weight: 400\"><br \/>\n<\/span><i><span style=\"font-weight: 400\">Si eres un profesor o un padre o madre, sugerimos que comiences intentando el problema t\u00fa mismo. (Consulta el cuaderno de estudiante.)<\/span><\/i><\/li>\n<li style=\"font-weight: 400\"><a href=\"https:\/\/drive.google.com\/file\/d\/1pauTSSayRlFMAD5BWb8AICuKX7uQypGT\/view?usp=sharing\"><span style=\"font-weight: 400\">Soluciones<\/span><\/a><span style=\"font-weight: 400\"> (PDF)<\/span><\/li>\n<li style=\"font-weight: 400\"><a href=\"https:\/\/drive.google.com\/file\/d\/18Bjzl6Qa0qHiaixqRAzMIZR5WHg74qAU\/view?usp=sharing\"><span style=\"font-weight: 400\">Materiales impresos<\/span><\/a><span style=\"font-weight: 400\"> (PDF)<\/span>\n<ul>\n<li style=\"font-weight: 400\"><span style=\"font-weight: 400\">Tablero de juego<\/span><\/li>\n<li style=\"font-weight: 400\"><span style=\"font-weight: 400\">Fichas de animales<\/span><\/li>\n<li style=\"font-weight: 400\"><span style=\"font-weight: 400\">Pedidos de los animales<\/span><\/li>\n<\/ul>\n<\/li>\n<li style=\"font-weight: 400\"><span style=\"font-weight: 400\">Videos (pronto estar\u00e1n disponibles!)<\/span><\/li>\n<\/ul>\n<\/td>\n<\/tr>\n<\/tbody>\n<\/table>\n<p><span style=\"font-weight: 400\">M\u00e1s informaci\u00f3n: por favor contacta a  Alessandra Pantano<\/span><a href=\"mailto:apantano@uci.edu\"><span style=\"font-weight: 400\">apantano@uci.edu<\/span><\/a><span style=\"font-weight: 400\">), o visita <\/span><a href=\"https:\/\/www.math.uci.edu\/mathceo\/\"><span style=\"font-weight: 400\">https:\/\/www.math.uci.edu\/mathceo\/<\/span><\/a><\/p>\n<\/div>\n<\/div><\/div><\/div><\/div><div id=\"pg-1679-3\"  class=\"panel-grid panel-has-style\" ><div class=\"siteorigin-panels-stretch panel-row-style panel-row-style-for-1679-3\" data-stretch-type=\"full-stretched-padded\" ><div id=\"pgc-1679-3-0\"  class=\"panel-grid-cell\" ><div id=\"panel-1679-3-0-0\" class=\"so-panel widget widget_sow-hero panel-first-child panel-last-child\" data-index=\"4\" ><div class=\"panel-widget-style panel-widget-style-for-1679-3-0-0\" ><div\n\t\t\t\n\t\t\tclass=\"so-widget-sow-hero so-widget-sow-hero-default-2826bb9c2aed-1679 so-widget-fittext-wrapper\"\n\t\t\t data-fit-text-compressor=\"0.85\"\n\t\t>\t\t\t\t<div class=\"sow-slider-base\" style=\"display: none\" tabindex=\"0\">\n\t\t\t\t\t<ul\n\t\t\t\t\tclass=\"sow-slider-images\"\n\t\t\t\t\tdata-settings=\"{&quot;pagination&quot;:true,&quot;speed&quot;:800,&quot;timeout&quot;:8000,&quot;paused&quot;:false,&quot;pause_on_hover&quot;:false,&quot;swipe&quot;:true,&quot;nav_always_show_desktop&quot;:&quot;&quot;,&quot;nav_always_show_mobile&quot;:&quot;&quot;,&quot;breakpoint&quot;:&quot;780px&quot;,&quot;unmute&quot;:false,&quot;anchor&quot;:null}\"\n\t\t\t\t\t\t\t\t\t\tdata-anchor-id=\"\"\n\t\t\t\t>\t\t<li class=\"sow-slider-image  sow-slider-image-cover\" style=\"visibility: visible;;background-color: #333333\" >\n\t\t\t\t\t<div class=\"sow-slider-image-container\">\n\t\t\t<div class=\"sow-slider-image-wrapper\">\n\t\t\t\t<div class=\"sow-hero-buttons\" style=\"text-align: center\"><div\n\t\t\t\n\t\t\tclass=\"so-widget-sow-button so-widget-sow-button-flat-b67712846b17\"\n\t\t\t\n\t\t><div class=\"ow-button-base ow-button-align-center\"\n>\n\t\t\t<a\n\t\t\t\t\thref=\"https:\/\/www.math.uci.edu\/~mathceo\/games\/duomo\/\"\n\t\t\t\t\tclass=\"sowb-button ow-icon-placement-left ow-button-hover\" target=\"_blank\" rel=\"noopener noreferrer\" \t>\n\t\t<span>\n\t\t\t\n\t\t\tPLAY NOW\t\t<\/span>\n\t\t\t<\/a>\n\t<\/div>\n<\/div><\/div>\n<p><span style=\"color: #ffffff;text-align: center\">* Supported browsers: Chrome, Chromium, Brave<\/span><\/p>\n\t\t\t<\/div>\n\t\t<\/div>\n\t\t<div class=\"sow-slider-image-overlay sow-slider-image-cover\" style=\"opacity: 0.34;background-image: url(https:\/\/sites.ps.uci.edu\/mathceo\/wp-content\/uploads\/sites\/20\/2020\/05\/duomo_background.png)\"  ><\/div>\t\t<\/li>\n\t\t<\/ul>\t\t\t\t<ol class=\"sow-slider-pagination\">\n\t\t\t\t\t\t\t\t\t\t\t<li><a href=\"#\" data-goto=\"0\" aria-label=\"Display slide 1\"><\/a><\/li>\n\t\t\t\t\t\t\t\t\t<\/ol>\n\n\t\t\t\t<div class=\"sow-slide-nav sow-slide-nav-next\">\n\t\t\t\t\t<a href=\"#\" data-goto=\"next\" aria-label=\"Next slide\" data-action=\"next\">\n\t\t\t\t\t\t<em class=\"sow-sld-icon-thin-right\"><\/em>\n\t\t\t\t\t<\/a>\n\t\t\t\t<\/div>\n\n\t\t\t\t<div class=\"sow-slide-nav sow-slide-nav-prev\">\n\t\t\t\t\t<a href=\"#\" data-goto=\"previous\" aria-label=\"Previous slide\" data-action=\"prev\">\n\t\t\t\t\t\t<em class=\"sow-sld-icon-thin-left\"><\/em>\n\t\t\t\t\t<\/a>\n\t\t\t\t<\/div>\n\t\t\t\t<\/div><\/div><\/div><\/div><\/div><\/div><\/div><\/div>","protected":false},"excerpt":{"rendered":"<p>Music in the Duomo is a fun and interesting logic puzzle, set in the \u201cDuomo\u201d of Milan, the second biggest cathedral in Italy. 8 animal musicians are planning a concert in the Duomo; they are talented but picky when it comes to choosing their position in the Duomo. The students need to place all animals [&hellip;]<\/p>\n","protected":false},"author":12,"featured_media":0,"parent":0,"menu_order":0,"comment_status":"closed","ping_status":"closed","template":"","meta":{"_vp_format_video_url":"","_vp_image_focal_point":[],"footnotes":""},"class_list":["post-1679","page","type-page","status-publish","hentry","post"],"yoast_head":"<!-- This site is optimized with the Yoast SEO plugin v27.5 - https:\/\/yoast.com\/product\/yoast-seo-wordpress\/ -->\n<title>Music in Duomo - MATH CEO<\/title>\n<meta name=\"robots\" content=\"index, follow, max-snippet:-1, max-image-preview:large, max-video-preview:-1\" \/>\n<link rel=\"canonical\" href=\"https:\/\/sites.ps.uci.edu\/mathceo\/es\/music-in-duomo\/\" \/>\n<meta property=\"og:locale\" content=\"es_MX\" \/>\n<meta property=\"og:type\" content=\"article\" \/>\n<meta property=\"og:title\" content=\"Music in Duomo - MATH CEO\" \/>\n<meta property=\"og:description\" content=\"Music in the Duomo is a fun and interesting logic puzzle, set in the \u201cDuomo\u201d of Milan, the second biggest cathedral in Italy. 8 animal musicians are planning a concert in the Duomo; they are talented but picky when it comes to choosing their position in the Duomo. The students need to place all animals [&hellip;]\" \/>\n<meta property=\"og:url\" content=\"https:\/\/sites.ps.uci.edu\/mathceo\/es\/music-in-duomo\/\" \/>\n<meta property=\"og:site_name\" content=\"MATH CEO\" \/>\n<meta property=\"article:modified_time\" content=\"2021-04-25T23:25:29+00:00\" \/>\n<meta property=\"og:image\" content=\"http:\/\/sites.ps.uci.edu\/mathceo\/wp-content\/uploads\/sites\/20\/2020\/05\/Selection_048.png\" \/>\n<meta name=\"twitter:card\" content=\"summary_large_image\" \/>\n<meta name=\"twitter:label1\" content=\"Est. reading time\" \/>\n\t<meta name=\"twitter:data1\" content=\"2 minutes\" \/>\n<script type=\"application\/ld+json\" class=\"yoast-schema-graph\">{\"@context\":\"https:\\\/\\\/schema.org\",\"@graph\":[{\"@type\":\"WebPage\",\"@id\":\"https:\\\/\\\/sites.ps.uci.edu\\\/mathceo\\\/music-in-duomo\",\"url\":\"https:\\\/\\\/sites.ps.uci.edu\\\/mathceo\\\/music-in-duomo\",\"name\":\"Music in Duomo - MATH CEO\",\"isPartOf\":{\"@id\":\"https:\\\/\\\/sites.ps.uci.edu\\\/mathceo\\\/#website\"},\"primaryImageOfPage\":{\"@id\":\"https:\\\/\\\/sites.ps.uci.edu\\\/mathceo\\\/music-in-duomo#primaryimage\"},\"image\":{\"@id\":\"https:\\\/\\\/sites.ps.uci.edu\\\/mathceo\\\/music-in-duomo#primaryimage\"},\"thumbnailUrl\":\"http:\\\/\\\/sites.ps.uci.edu\\\/mathceo\\\/wp-content\\\/uploads\\\/sites\\\/20\\\/2020\\\/05\\\/Selection_048.png\",\"datePublished\":\"2020-05-01T08:52:27+00:00\",\"dateModified\":\"2021-04-25T23:25:29+00:00\",\"breadcrumb\":{\"@id\":\"https:\\\/\\\/sites.ps.uci.edu\\\/mathceo\\\/music-in-duomo#breadcrumb\"},\"inLanguage\":\"es-MX\",\"potentialAction\":[{\"@type\":\"ReadAction\",\"target\":[\"https:\\\/\\\/sites.ps.uci.edu\\\/mathceo\\\/music-in-duomo\"]}]},{\"@type\":\"ImageObject\",\"inLanguage\":\"es-MX\",\"@id\":\"https:\\\/\\\/sites.ps.uci.edu\\\/mathceo\\\/music-in-duomo#primaryimage\",\"url\":\"http:\\\/\\\/sites.ps.uci.edu\\\/mathceo\\\/wp-content\\\/uploads\\\/sites\\\/20\\\/2020\\\/05\\\/Selection_048.png\",\"contentUrl\":\"http:\\\/\\\/sites.ps.uci.edu\\\/mathceo\\\/wp-content\\\/uploads\\\/sites\\\/20\\\/2020\\\/05\\\/Selection_048.png\"},{\"@type\":\"BreadcrumbList\",\"@id\":\"https:\\\/\\\/sites.ps.uci.edu\\\/mathceo\\\/music-in-duomo#breadcrumb\",\"itemListElement\":[{\"@type\":\"ListItem\",\"position\":1,\"name\":\"Home\",\"item\":\"https:\\\/\\\/sites.ps.uci.edu\\\/mathceo\\\/\"},{\"@type\":\"ListItem\",\"position\":2,\"name\":\"Music in Duomo\"}]},{\"@type\":\"WebSite\",\"@id\":\"https:\\\/\\\/sites.ps.uci.edu\\\/mathceo\\\/#website\",\"url\":\"https:\\\/\\\/sites.ps.uci.edu\\\/mathceo\\\/\",\"name\":\"MATH CEO\",\"description\":\"UCI MATH CEO\",\"publisher\":{\"@id\":\"https:\\\/\\\/sites.ps.uci.edu\\\/mathceo\\\/#organization\"},\"potentialAction\":[{\"@type\":\"SearchAction\",\"target\":{\"@type\":\"EntryPoint\",\"urlTemplate\":\"https:\\\/\\\/sites.ps.uci.edu\\\/mathceo\\\/?s={search_term_string}\"},\"query-input\":{\"@type\":\"PropertyValueSpecification\",\"valueRequired\":true,\"valueName\":\"search_term_string\"}}],\"inLanguage\":\"es-MX\"},{\"@type\":\"Organization\",\"@id\":\"https:\\\/\\\/sites.ps.uci.edu\\\/mathceo\\\/#organization\",\"name\":\"MATH CEO\",\"url\":\"https:\\\/\\\/sites.ps.uci.edu\\\/mathceo\\\/\",\"logo\":{\"@type\":\"ImageObject\",\"inLanguage\":\"es-MX\",\"@id\":\"https:\\\/\\\/sites.ps.uci.edu\\\/mathceo\\\/#\\\/schema\\\/logo\\\/image\\\/\",\"url\":\"https:\\\/\\\/sites.ps.uci.edu\\\/mathceo\\\/wp-content\\\/uploads\\\/sites\\\/20\\\/2020\\\/08\\\/Round-Extended-Math-CEO-Logo-e1598128165791.png\",\"contentUrl\":\"https:\\\/\\\/sites.ps.uci.edu\\\/mathceo\\\/wp-content\\\/uploads\\\/sites\\\/20\\\/2020\\\/08\\\/Round-Extended-Math-CEO-Logo-e1598128165791.png\",\"width\":300,\"height\":54,\"caption\":\"MATH CEO\"},\"image\":{\"@id\":\"https:\\\/\\\/sites.ps.uci.edu\\\/mathceo\\\/#\\\/schema\\\/logo\\\/image\\\/\"}}]}<\/script>\n<!-- \/ Yoast SEO plugin. -->","yoast_head_json":{"title":"Music in Duomo - MATH CEO","robots":{"index":"index","follow":"follow","max-snippet":"max-snippet:-1","max-image-preview":"max-image-preview:large","max-video-preview":"max-video-preview:-1"},"canonical":"https:\/\/sites.ps.uci.edu\/mathceo\/es\/music-in-duomo\/","og_locale":"es_MX","og_type":"article","og_title":"Music in Duomo - MATH CEO","og_description":"Music in the Duomo is a fun and interesting logic puzzle, set in the \u201cDuomo\u201d of Milan, the second biggest cathedral in Italy. 8 animal musicians are planning a concert in the Duomo; they are talented but picky when it comes to choosing their position in the Duomo. The students need to place all animals [&hellip;]","og_url":"https:\/\/sites.ps.uci.edu\/mathceo\/es\/music-in-duomo\/","og_site_name":"MATH CEO","article_modified_time":"2021-04-25T23:25:29+00:00","og_image":[{"url":"http:\/\/sites.ps.uci.edu\/mathceo\/wp-content\/uploads\/sites\/20\/2020\/05\/Selection_048.png","type":"","width":"","height":""}],"twitter_card":"summary_large_image","twitter_misc":{"Est. reading time":"2 minutes"},"schema":{"@context":"https:\/\/schema.org","@graph":[{"@type":"WebPage","@id":"https:\/\/sites.ps.uci.edu\/mathceo\/music-in-duomo","url":"https:\/\/sites.ps.uci.edu\/mathceo\/music-in-duomo","name":"Music in Duomo - MATH CEO","isPartOf":{"@id":"https:\/\/sites.ps.uci.edu\/mathceo\/#website"},"primaryImageOfPage":{"@id":"https:\/\/sites.ps.uci.edu\/mathceo\/music-in-duomo#primaryimage"},"image":{"@id":"https:\/\/sites.ps.uci.edu\/mathceo\/music-in-duomo#primaryimage"},"thumbnailUrl":"http:\/\/sites.ps.uci.edu\/mathceo\/wp-content\/uploads\/sites\/20\/2020\/05\/Selection_048.png","datePublished":"2020-05-01T08:52:27+00:00","dateModified":"2021-04-25T23:25:29+00:00","breadcrumb":{"@id":"https:\/\/sites.ps.uci.edu\/mathceo\/music-in-duomo#breadcrumb"},"inLanguage":"es-MX","potentialAction":[{"@type":"ReadAction","target":["https:\/\/sites.ps.uci.edu\/mathceo\/music-in-duomo"]}]},{"@type":"ImageObject","inLanguage":"es-MX","@id":"https:\/\/sites.ps.uci.edu\/mathceo\/music-in-duomo#primaryimage","url":"http:\/\/sites.ps.uci.edu\/mathceo\/wp-content\/uploads\/sites\/20\/2020\/05\/Selection_048.png","contentUrl":"http:\/\/sites.ps.uci.edu\/mathceo\/wp-content\/uploads\/sites\/20\/2020\/05\/Selection_048.png"},{"@type":"BreadcrumbList","@id":"https:\/\/sites.ps.uci.edu\/mathceo\/music-in-duomo#breadcrumb","itemListElement":[{"@type":"ListItem","position":1,"name":"Home","item":"https:\/\/sites.ps.uci.edu\/mathceo\/"},{"@type":"ListItem","position":2,"name":"Music in Duomo"}]},{"@type":"WebSite","@id":"https:\/\/sites.ps.uci.edu\/mathceo\/#website","url":"https:\/\/sites.ps.uci.edu\/mathceo\/","name":"MATH CEO","description":"UCI MATH CEO","publisher":{"@id":"https:\/\/sites.ps.uci.edu\/mathceo\/#organization"},"potentialAction":[{"@type":"SearchAction","target":{"@type":"EntryPoint","urlTemplate":"https:\/\/sites.ps.uci.edu\/mathceo\/?s={search_term_string}"},"query-input":{"@type":"PropertyValueSpecification","valueRequired":true,"valueName":"search_term_string"}}],"inLanguage":"es-MX"},{"@type":"Organization","@id":"https:\/\/sites.ps.uci.edu\/mathceo\/#organization","name":"MATH CEO","url":"https:\/\/sites.ps.uci.edu\/mathceo\/","logo":{"@type":"ImageObject","inLanguage":"es-MX","@id":"https:\/\/sites.ps.uci.edu\/mathceo\/#\/schema\/logo\/image\/","url":"https:\/\/sites.ps.uci.edu\/mathceo\/wp-content\/uploads\/sites\/20\/2020\/08\/Round-Extended-Math-CEO-Logo-e1598128165791.png","contentUrl":"https:\/\/sites.ps.uci.edu\/mathceo\/wp-content\/uploads\/sites\/20\/2020\/08\/Round-Extended-Math-CEO-Logo-e1598128165791.png","width":300,"height":54,"caption":"MATH CEO"},"image":{"@id":"https:\/\/sites.ps.uci.edu\/mathceo\/#\/schema\/logo\/image\/"}}]}},"_links":{"self":[{"href":"https:\/\/sites.ps.uci.edu\/mathceo\/es\/wp-json\/wp\/v2\/pages\/1679","targetHints":{"allow":["GET"]}}],"collection":[{"href":"https:\/\/sites.ps.uci.edu\/mathceo\/es\/wp-json\/wp\/v2\/pages"}],"about":[{"href":"https:\/\/sites.ps.uci.edu\/mathceo\/es\/wp-json\/wp\/v2\/types\/page"}],"author":[{"embeddable":true,"href":"https:\/\/sites.ps.uci.edu\/mathceo\/es\/wp-json\/wp\/v2\/users\/12"}],"replies":[{"embeddable":true,"href":"https:\/\/sites.ps.uci.edu\/mathceo\/es\/wp-json\/wp\/v2\/comments?post=1679"}],"version-history":[{"count":18,"href":"https:\/\/sites.ps.uci.edu\/mathceo\/es\/wp-json\/wp\/v2\/pages\/1679\/revisions"}],"predecessor-version":[{"id":3838,"href":"https:\/\/sites.ps.uci.edu\/mathceo\/es\/wp-json\/wp\/v2\/pages\/1679\/revisions\/3838"}],"wp:attachment":[{"href":"https:\/\/sites.ps.uci.edu\/mathceo\/es\/wp-json\/wp\/v2\/media?parent=1679"}],"curies":[{"name":"wp","href":"https:\/\/api.w.org\/{rel}","templated":true}]}}